{"id":4781,"date":"2018-05-24T23:28:22","date_gmt":"2018-05-24T23:28:22","guid":{"rendered":"http:\/\/republicapazeamor.com.br\/site\/?page_id=4781"},"modified":"2018-05-24T23:38:53","modified_gmt":"2018-05-24T23:38:53","slug":"ladrilheiros","status":"publish","type":"page","link":"http:\/\/republicapazeamor.com.br\/site\/ladrilheiros\/","title":{"rendered":"Ladrilheiros"},"content":{"rendered":"<div class=\"row\"><div class='span6'>\n\t\t\t\t<img src=\"http:\/\/republicapazeamor.com.br\/site\/wp-content\/uploads\/2018\/05\/ladrilheiros_site.jpg\" alt=\"\" \/>\n\t<\/div><div class=\"span6\">\n\t<\/p>\n<p>Os Ladrilheiros s\u00e3o amigos, torcedores e simpatizantes do Rep\u00fablica Paz &amp; Amor que honram o espa\u00e7o invadindo o gramado, driblando geral e correndo pro abra\u00e7o. Todos campe\u00f5es.<\/p>\n<div style=\"height: 10px; display: block; width: 100%; clear: both;\">\n<\/div><br \/>\n<\/div><\/div>\n<p>&nbsp;<\/p>\n<p>&nbsp;<\/p>\n<!-- AddThis Advanced Settings generic via filter on the_content --><!-- AddThis Share Buttons generic via filter on the_content -->","protected":false},"excerpt":{"rendered":"<p>&nbsp; &nbsp;<\/p>\n","protected":false},"author":1,"featured_media":0,"parent":0,"menu_order":0,"comment_status":"open","ping_status":"open","template":"","meta":[],"_links":{"self":[{"href":"http:\/\/republicapazeamor.com.br\/site\/wp-json\/wp\/v2\/pages\/4781"}],"collection":[{"href":"http:\/\/republicapazeamor.com.br\/site\/wp-json\/wp\/v2\/pages"}],"about":[{"href":"http:\/\/republicapazeamor.com.br\/site\/wp-json\/wp\/v2\/types\/page"}],"author":[{"embeddable":true,"href":"http:\/\/republicapazeamor.com.br\/site\/wp-json\/wp\/v2\/users\/1"}],"replies":[{"embeddable":true,"href":"http:\/\/republicapazeamor.com.br\/site\/wp-json\/wp\/v2\/comments?post=4781"}],"version-history":[{"count":5,"href":"http:\/\/republicapazeamor.com.br\/site\/wp-json\/wp\/v2\/pages\/4781\/revisions"}],"predecessor-version":[{"id":4786,"href":"http:\/\/republicapazeamor.com.br\/site\/wp-json\/wp\/v2\/pages\/4781\/revisions\/4786"}],"wp:attachment":[{"href":"http:\/\/republicapazeamor.com.br\/site\/wp-json\/wp\/v2\/media?parent=4781"}],"curies":[{"name":"wp","href":"https:\/\/api.w.org\/{rel}","templated":true}]}}