{"id":449,"date":"2015-08-20T23:42:09","date_gmt":"2015-08-20T23:42:09","guid":{"rendered":"http:\/\/republicapazeamor.com.br\/site\/?page_id=449"},"modified":"2019-06-08T12:52:24","modified_gmt":"2019-06-08T12:52:24","slug":"arthur-muhlenberg","status":"publish","type":"page","link":"http:\/\/republicapazeamor.com.br\/site\/arthur-muhlenberg\/","title":{"rendered":"Arthur Muhlenberg"},"content":{"rendered":"<div class=\"row\"><div class='span6'>\n\t\t\t\t<img src=\"http:\/\/republicapazeamor.com.br\/site\/wp-content\/uploads\/2015\/01\/arthur_bio.jpg\" alt=\"\" \/>\n\t<\/div><div class=\"span6\">\n\t<\/p>\n<p>Arthur Muhlenberg, carioca, rubro-negro, caciqueano, ex-publicit\u00e1rio em atividade. Voc\u00ea cantando, tocando e batendo na gente, passando por tudo t\u00e3o indiferente, n\u00e3o conhece a dor do instrumental.<\/p>\n<p>&nbsp;<\/p>\n<p>&nbsp;<\/p>\n<div style=\"height: 10px; display: block; width: 100%; clear: both;\">\n<\/div><br \/>\n<h2 class='about-item-title text-uppercase' style=\"color: #393939\">\n\tRedes sociais<\/h2><div class=\"clearfix\"><\/div>\n<div class='social-follow'>\n\t\t\t<a href='http:\/\/instagram.com\/arthurzaolove\/'>\n\t\t\t<span class='icon-social_instagram_square'><\/span>\n\t\t<\/a>\n\t\t\t\t\t<a href='http:\/\/www.facebook.com\/arthur.muhlenberg'>\n\t\t\t<span class='icon-social_facebook_square'><\/span>\n\t\t<\/a>\n\t\t\t\t\t<a href='http:\/\/twitter.com\/Urublog'>\n\t\t\t<span class='icon-social_twitter_square'><\/span>\n\t\t<\/a>\n\t\t\t\t\t\t<\/div>\n<\/div><\/div>\n<p>&nbsp;<\/p>\n<p>&nbsp;<\/p>\n<!-- AddThis Advanced Settings generic via filter on the_content --><!-- AddThis Share Buttons generic via filter on the_content -->","protected":false},"excerpt":{"rendered":"<p>&nbsp; &nbsp;<\/p>\n","protected":false},"author":1,"featured_media":0,"parent":0,"menu_order":0,"comment_status":"open","ping_status":"closed","template":"","meta":[],"_links":{"self":[{"href":"http:\/\/republicapazeamor.com.br\/site\/wp-json\/wp\/v2\/pages\/449"}],"collection":[{"href":"http:\/\/republicapazeamor.com.br\/site\/wp-json\/wp\/v2\/pages"}],"about":[{"href":"http:\/\/republicapazeamor.com.br\/site\/wp-json\/wp\/v2\/types\/page"}],"author":[{"embeddable":true,"href":"http:\/\/republicapazeamor.com.br\/site\/wp-json\/wp\/v2\/users\/1"}],"replies":[{"embeddable":true,"href":"http:\/\/republicapazeamor.com.br\/site\/wp-json\/wp\/v2\/comments?post=449"}],"version-history":[{"count":14,"href":"http:\/\/republicapazeamor.com.br\/site\/wp-json\/wp\/v2\/pages\/449\/revisions"}],"predecessor-version":[{"id":6075,"href":"http:\/\/republicapazeamor.com.br\/site\/wp-json\/wp\/v2\/pages\/449\/revisions\/6075"}],"wp:attachment":[{"href":"http:\/\/republicapazeamor.com.br\/site\/wp-json\/wp\/v2\/media?parent=449"}],"curies":[{"name":"wp","href":"https:\/\/api.w.org\/{rel}","templated":true}]}}