{"id":417,"date":"2015-01-20T20:57:04","date_gmt":"2015-01-20T20:57:04","guid":{"rendered":"http:\/\/republicapazeamor.com.br\/site\/?page_id=417"},"modified":"2020-07-04T19:57:02","modified_gmt":"2020-07-04T19:57:02","slug":"jorge-murtinho","status":"publish","type":"page","link":"http:\/\/republicapazeamor.com.br\/site\/jorge-murtinho\/","title":{"rendered":"Jorge Murtinho"},"content":{"rendered":"<div class=\"row\"><div class='span6'>\n\t\t\t\t<img src=\"http:\/\/republicapazeamor.com.br\/site\/wp-content\/uploads\/2015\/01\/jorge_murtinho_bio.jpg\" alt=\"\" \/>\n\t<\/div><div class=\"span6\">\n\t<\/p>\n<p>Nasceu no Rio de Janeiro, numa fam\u00edlia abarrotada de tricolores. Dos quatro aos 26 anos, foi vizinho do est\u00e1dio de General Severiano, onde acompanhava os treinos do tima\u00e7o que o Botafogo tinha no final da d\u00e9cada de 60. Virou rubro-negro por uma dessas coisas que s\u00f3 o\u00a0 Flamengo \u00e9 capaz de fazer. Redator de propaganda por mais de quatro d\u00e9cadas, escreveu o blog \u201cQuest\u00f5es do Futebol\u201d, da revista Piau\u00ed, de maio de 2013 at\u00e9 o final de 2014. Faz parte do RP&amp;amp;A desde o come\u00e7o da baga\u00e7a, em janeiro de 2015. No in\u00edcio de 2020 lan\u00e7ou, em parceria com a Nivinha, o livro \u201cFesta na Favela\u201d, sobre a magn\u00edfica temporada do futebol do Flamengo no ano anterior.<\/p>\n<p><\/div><\/div>\n<p>&nbsp;<\/p>\n<p>&nbsp;<\/p>\n<!-- AddThis Advanced Settings generic via filter on the_content --><!-- AddThis Share Buttons generic via filter on the_content -->","protected":false},"excerpt":{"rendered":"<p>&nbsp; &nbsp;<\/p>\n","protected":false},"author":1,"featured_media":0,"parent":0,"menu_order":0,"comment_status":"open","ping_status":"open","template":"","meta":[],"_links":{"self":[{"href":"http:\/\/republicapazeamor.com.br\/site\/wp-json\/wp\/v2\/pages\/417"}],"collection":[{"href":"http:\/\/republicapazeamor.com.br\/site\/wp-json\/wp\/v2\/pages"}],"about":[{"href":"http:\/\/republicapazeamor.com.br\/site\/wp-json\/wp\/v2\/types\/page"}],"author":[{"embeddable":true,"href":"http:\/\/republicapazeamor.com.br\/site\/wp-json\/wp\/v2\/users\/1"}],"replies":[{"embeddable":true,"href":"http:\/\/republicapazeamor.com.br\/site\/wp-json\/wp\/v2\/comments?post=417"}],"version-history":[{"count":6,"href":"http:\/\/republicapazeamor.com.br\/site\/wp-json\/wp\/v2\/pages\/417\/revisions"}],"predecessor-version":[{"id":8231,"href":"http:\/\/republicapazeamor.com.br\/site\/wp-json\/wp\/v2\/pages\/417\/revisions\/8231"}],"wp:attachment":[{"href":"http:\/\/republicapazeamor.com.br\/site\/wp-json\/wp\/v2\/media?parent=417"}],"curies":[{"name":"wp","href":"https:\/\/api.w.org\/{rel}","templated":true}]}}