{"id":150,"date":"2014-10-28T15:43:41","date_gmt":"2014-10-28T15:43:41","guid":{"rendered":"http:\/\/labs.am-themes.com\/DailyNews_WP\/?page_id=150"},"modified":"2018-10-02T22:27:19","modified_gmt":"2018-10-02T22:27:19","slug":"index","status":"publish","type":"page","link":"http:\/\/republicapazeamor.com.br\/site\/","title":{"rendered":"Rep\u00fablica Paz e Amor"},"content":{"rendered":"<p><!--Start the WPO build slider-->\n<div id=\"start-wpo\" class=\"white-popup mfp-hide\">\n\t<header id='slider-header' class='full-width-container cf'>\n\t\t<a href='#' class='toggle-thumbs'><span class='icon-arrow-up-2'><\/span><\/a>\n\t\t<div class='slides-data'>\n\t\t\t<ul class='current-slides-wrap'><\/ul>\n\t\t\t<div class='total-slides-wrap'><\/div>\n\t\t\t<ul class='picture-descriptions-wrap'><\/ul>\n\t\t<\/div>\n\t\t<a href='#' class='toggle-close'><span class='icon-cross'><\/span><\/a>\n\t<\/header>\n\t<div class='wpo-build'>\n\t\t<ul class='wpo-thumbs'>\n\t\t<\/ul>\n\t\t<ul class='wpo-images'>\n\t\t<\/ul>\n\t\t<a href='#' class='wpo-slider-controls wpo-next'><span class='if icon-arrow-right-1'><\/span><\/a>\n\t\t<a href='#' class='wpo-slider-controls wpo-prev'><span class='if icon-arrow-left-1'><\/span><\/a>\n\t<\/div>\t\n<\/div>\n<!--END the build-->\n\n<div class='full-width-container hidden-phone'>\n\t<div class='container'>\n\t\t<div class='row'>\n\n\t\t\t<div class='span12 vertical-slider-wrapper'>\n\t\t\t\t<div class=\"frame\">\n\t\t\t\t    <ul class=\"slidee\">\n\t\t\t\t    \t\t\t\t\t\t\t\t        <li>\n\t\t\t\t\t\t\t        \t<header class='vs-intro'>\n\t\t\t\t\t\t        \t\t\t<a href='http:\/\/republicapazeamor.com.br\/site\/sera-a-verdadeira-razao-da-demissao-de-filipe-luis\/' class='vs-intro-title'>\n\t\t\t\t\t\t        \t\t\t\tSer\u00e1? A verdadeira raz\u00e3o da demiss\u00e3o de Filipe Lu\u00eds\t\t\t\t\t\t        \t\t\t<\/a>\n\t\t\t\t\t\t        \t\t\t<div class='vs-intro-date'>\n\t\t\t\t\t\t        \t\t\t\tBy <a href=\"http:\/\/republicapazeamor.com.br\/site\/author\/marcelo\/\" title=\"Posts de Dunlop\" rel=\"author\">Dunlop<\/a> | 3 de abril de 2026 \n\t\t\t\t\t\t        \t\t\t<\/div>\n\t\t\t\t\t\t\t        \t<\/header>\n\t\t\t\t\t\t\t        <\/li>\n\t\t\t\t\t\t\t\t\t\t\t\t\t        <li>\n\t\t\t\t\t\t\t        \t<header class='vs-intro'>\n\t\t\t\t\t\t        \t\t\t<a href='http:\/\/republicapazeamor.com.br\/site\/uma-promessa-para-arrasca\/' class='vs-intro-title'>\n\t\t\t\t\t\t        \t\t\t\tUma promessa para Arrasca\t\t\t\t\t\t        \t\t\t<\/a>\n\t\t\t\t\t\t        \t\t\t<div class='vs-intro-date'>\n\t\t\t\t\t\t        \t\t\t\tBy <a href=\"http:\/\/republicapazeamor.com.br\/site\/author\/marcelo\/\" title=\"Posts de Dunlop\" rel=\"author\">Dunlop<\/a> | 12 de setembro de 2025 \n\t\t\t\t\t\t        \t\t\t<\/div>\n\t\t\t\t\t\t\t        \t<\/header>\n\t\t\t\t\t\t\t        <\/li>\n\t\t\t\t\t\t\t\t\t\t\t\t\t        <li>\n\t\t\t\t\t\t\t        \t<header class='vs-intro'>\n\t\t\t\t\t\t        \t\t\t<a href='http:\/\/republicapazeamor.com.br\/site\/o-presidente-e-o-pinguco\/' class='vs-intro-title'>\n\t\t\t\t\t\t        \t\t\t\tO presidente e o pingu\u00e7o\t\t\t\t\t\t        \t\t\t<\/a>\n\t\t\t\t\t\t        \t\t\t<div class='vs-intro-date'>\n\t\t\t\t\t\t        \t\t\t\tBy <a href=\"http:\/\/republicapazeamor.com.br\/site\/author\/marcelo\/\" title=\"Posts de Dunlop\" rel=\"author\">Dunlop<\/a> | 3 de junho de 2025 \n\t\t\t\t\t\t        \t\t\t<\/div>\n\t\t\t\t\t\t\t        \t<\/header>\n\t\t\t\t\t\t\t        <\/li>\n\t\t\t\t\t\t\t\t\t\t\t\t\t        <li>\n\t\t\t\t\t\t\t        \t<header class='vs-intro'>\n\t\t\t\t\t\t        \t\t\t<a href='http:\/\/republicapazeamor.com.br\/site\/fiquei-devendo-mestre-carlos\/' class='vs-intro-title'>\n\t\t\t\t\t\t        \t\t\t\tFiquei devendo, mestre Carlos\t\t\t\t\t\t        \t\t\t<\/a>\n\t\t\t\t\t\t        \t\t\t<div class='vs-intro-date'>\n\t\t\t\t\t\t        \t\t\t\tBy <a href=\"http:\/\/republicapazeamor.com.br\/site\/author\/jorge-murtinho\/\" title=\"Posts de Jorge Murtinho\" rel=\"author\">Jorge Murtinho<\/a> | 14 de mar\u00e7o de 2025 \n\t\t\t\t\t\t        \t\t\t<\/div>\n\t\t\t\t\t\t\t        \t<\/header>\n\t\t\t\t\t\t\t        <\/li>\n\t\t\t\t\t\t\t\t\t\t\t\t\t        <li>\n\t\t\t\t\t\t\t        \t<header class='vs-intro'>\n\t\t\t\t\t\t        \t\t\t<a href='http:\/\/republicapazeamor.com.br\/site\/o-ultimo-grito-de-gol\/' class='vs-intro-title'>\n\t\t\t\t\t\t        \t\t\t\tO \u00faltimo grito de gol\t\t\t\t\t\t        \t\t\t<\/a>\n\t\t\t\t\t\t        \t\t\t<div class='vs-intro-date'>\n\t\t\t\t\t\t        \t\t\t\tBy <a href=\"http:\/\/republicapazeamor.com.br\/site\/author\/marcelo\/\" title=\"Posts de Dunlop\" rel=\"author\">Dunlop<\/a> | 4 de mar\u00e7o de 2025 \n\t\t\t\t\t\t        \t\t\t<\/div>\n\t\t\t\t\t\t\t        \t<\/header>\n\t\t\t\t\t\t\t        <\/li>\n\t\t\t\t\t\t\t\t\t\t\t\t\t        <li>\n\t\t\t\t\t\t\t        \t<header class='vs-intro'>\n\t\t\t\t\t\t        \t\t\t<a href='http:\/\/republicapazeamor.com.br\/site\/nao-parece-que-foi-ontem\/' class='vs-intro-title'>\n\t\t\t\t\t\t        \t\t\t\tN\u00e3o parece que foi ontem\t\t\t\t\t\t        \t\t\t<\/a>\n\t\t\t\t\t\t        \t\t\t<div class='vs-intro-date'>\n\t\t\t\t\t\t        \t\t\t\tBy <a href=\"http:\/\/republicapazeamor.com.br\/site\/author\/jorge-murtinho\/\" title=\"Posts de Jorge Murtinho\" rel=\"author\">Jorge Murtinho<\/a> | 11 de fevereiro de 2025 \n\t\t\t\t\t\t        \t\t\t<\/div>\n\t\t\t\t\t\t\t        \t<\/header>\n\t\t\t\t\t\t\t        <\/li>\n\t\t\t\t\t\t\t\t\t\t    <\/ul>\n\n\t\t\t\t    <ul class='content-slidee'>\n\t\t\t\t    \t\t\t\t\t\t\t    \t<li>\n\t\t\t\t\t\t        \t<section class='vs-content'>\n\t\t\t\t\t\t        \t\t\t\t\t\t\t\t\t\t\t        <img width=\"1017\" height=\"768\" src=\"http:\/\/republicapazeamor.com.br\/site\/wp-content\/uploads\/2026\/04\/Filipe-Luis-Flamengo-treinador-foto-divulgacao.png\" class=\"attachment-full size-full wp-post-image\" alt=\"\" loading=\"lazy\" srcset=\"http:\/\/republicapazeamor.com.br\/site\/wp-content\/uploads\/2026\/04\/Filipe-Luis-Flamengo-treinador-foto-divulgacao.png 1017w, http:\/\/republicapazeamor.com.br\/site\/wp-content\/uploads\/2026\/04\/Filipe-Luis-Flamengo-treinador-foto-divulgacao-300x227.png 300w, http:\/\/republicapazeamor.com.br\/site\/wp-content\/uploads\/2026\/04\/Filipe-Luis-Flamengo-treinador-foto-divulgacao-768x580.png 768w\" sizes=\"(max-width: 1017px) 100vw, 1017px\" \/>\t\t\t\t\t\t\t\t\t    \t\t\t\t\t\t        \t\t<div class='vs-content-entry'>\n\t\t\t\t\t        \t\t\t\t<a href='http:\/\/republicapazeamor.com.br\/site\/sera-a-verdadeira-razao-da-demissao-de-filipe-luis\/' class='vs-content-title'>\n\t\t\t\t\t        \t\t\t\t\tSer\u00e1? A verdadeira raz\u00e3o da demiss\u00e3o de Filipe Lu\u00eds\t\t\t\t\t\t        \t\t\t<\/a>\n\t\t\t\t\t\t        \t\t\t<div class='vs-content-intro'>\n\t\t\t\t\t\t        \t\t\t\tBy <a href=\"http:\/\/republicapazeamor.com.br\/site\/author\/marcelo\/\" title=\"Posts de Dunlop\" rel=\"author\">Dunlop<\/a> | 3 de abril de 2026 \n\t\t\t\t\t\t        \t\t\t<\/div>\n\t\t\t\t\t\t        \t\t<\/div>\n\t\t\t\t\t\t        \t<\/section>\n\t\t\t\t\t\t        <\/li>\n\t\t\t\t\t\t\t\t\t\t\t\t    \t<li>\n\t\t\t\t\t\t        \t<section class='vs-content'>\n\t\t\t\t\t\t        \t\t\t\t\t\t\t\t\t\t\t        <img width=\"798\" height=\"908\" src=\"http:\/\/republicapazeamor.com.br\/site\/wp-content\/uploads\/2025\/09\/Arrasca-confeiteiro.png\" class=\"attachment-full size-full wp-post-image\" alt=\"\" loading=\"lazy\" srcset=\"http:\/\/republicapazeamor.com.br\/site\/wp-content\/uploads\/2025\/09\/Arrasca-confeiteiro.png 798w, http:\/\/republicapazeamor.com.br\/site\/wp-content\/uploads\/2025\/09\/Arrasca-confeiteiro-264x300.png 264w, http:\/\/republicapazeamor.com.br\/site\/wp-content\/uploads\/2025\/09\/Arrasca-confeiteiro-768x874.png 768w\" sizes=\"(max-width: 798px) 100vw, 798px\" \/>\t\t\t\t\t\t\t\t\t    \t\t\t\t\t\t        \t\t<div class='vs-content-entry'>\n\t\t\t\t\t        \t\t\t\t<a href='http:\/\/republicapazeamor.com.br\/site\/uma-promessa-para-arrasca\/' class='vs-content-title'>\n\t\t\t\t\t        \t\t\t\t\tUma promessa para Arrasca\t\t\t\t\t\t        \t\t\t<\/a>\n\t\t\t\t\t\t        \t\t\t<div class='vs-content-intro'>\n\t\t\t\t\t\t        \t\t\t\tBy <a href=\"http:\/\/republicapazeamor.com.br\/site\/author\/marcelo\/\" title=\"Posts de Dunlop\" rel=\"author\">Dunlop<\/a> | 12 de setembro de 2025 \n\t\t\t\t\t\t        \t\t\t<\/div>\n\t\t\t\t\t\t        \t\t<\/div>\n\t\t\t\t\t\t        \t<\/section>\n\t\t\t\t\t\t        <\/li>\n\t\t\t\t\t\t\t\t\t\t\t\t    \t<li>\n\t\t\t\t\t\t        \t<section class='vs-content'>\n\t\t\t\t\t\t        \t\t\t\t\t\t\t\t\t\t\t        <img width=\"1024\" height=\"622\" src=\"http:\/\/republicapazeamor.com.br\/site\/wp-content\/uploads\/2025\/06\/Fla-Sauna.png\" class=\"attachment-full size-full wp-post-image\" alt=\"\" loading=\"lazy\" srcset=\"http:\/\/republicapazeamor.com.br\/site\/wp-content\/uploads\/2025\/06\/Fla-Sauna.png 1024w, http:\/\/republicapazeamor.com.br\/site\/wp-content\/uploads\/2025\/06\/Fla-Sauna-300x182.png 300w, http:\/\/republicapazeamor.com.br\/site\/wp-content\/uploads\/2025\/06\/Fla-Sauna-768x467.png 768w\" sizes=\"(max-width: 1024px) 100vw, 1024px\" \/>\t\t\t\t\t\t\t\t\t    \t\t\t\t\t\t        \t\t<div class='vs-content-entry'>\n\t\t\t\t\t        \t\t\t\t<a href='http:\/\/republicapazeamor.com.br\/site\/o-presidente-e-o-pinguco\/' class='vs-content-title'>\n\t\t\t\t\t        \t\t\t\t\tO presidente e o pingu\u00e7o\t\t\t\t\t\t        \t\t\t<\/a>\n\t\t\t\t\t\t        \t\t\t<div class='vs-content-intro'>\n\t\t\t\t\t\t        \t\t\t\tBy <a href=\"http:\/\/republicapazeamor.com.br\/site\/author\/marcelo\/\" title=\"Posts de Dunlop\" rel=\"author\">Dunlop<\/a> | 3 de junho de 2025 \n\t\t\t\t\t\t        \t\t\t<\/div>\n\t\t\t\t\t\t        \t\t<\/div>\n\t\t\t\t\t\t        \t<\/section>\n\t\t\t\t\t\t        <\/li>\n\t\t\t\t\t\t\t\t\t\t\t\t    \t<li>\n\t\t\t\t\t\t        \t<section class='vs-content'>\n\t\t\t\t\t\t        \t\t\t\t\t\t\t\t\t\t\t        <img width=\"1280\" height=\"960\" src=\"http:\/\/republicapazeamor.com.br\/site\/wp-content\/uploads\/2025\/03\/unnamed.jpg\" class=\"attachment-full size-full wp-post-image\" alt=\"Carlos Moraes e fam\u00edlia\" loading=\"lazy\" srcset=\"http:\/\/republicapazeamor.com.br\/site\/wp-content\/uploads\/2025\/03\/unnamed.jpg 1280w, http:\/\/republicapazeamor.com.br\/site\/wp-content\/uploads\/2025\/03\/unnamed-300x225.jpg 300w, http:\/\/republicapazeamor.com.br\/site\/wp-content\/uploads\/2025\/03\/unnamed-1024x768.jpg 1024w, http:\/\/republicapazeamor.com.br\/site\/wp-content\/uploads\/2025\/03\/unnamed-768x576.jpg 768w\" sizes=\"(max-width: 1280px) 100vw, 1280px\" \/>\t\t\t\t\t\t\t\t\t    \t\t\t\t\t\t        \t\t<div class='vs-content-entry'>\n\t\t\t\t\t        \t\t\t\t<a href='http:\/\/republicapazeamor.com.br\/site\/fiquei-devendo-mestre-carlos\/' class='vs-content-title'>\n\t\t\t\t\t        \t\t\t\t\tFiquei devendo, mestre Carlos\t\t\t\t\t\t        \t\t\t<\/a>\n\t\t\t\t\t\t        \t\t\t<div class='vs-content-intro'>\n\t\t\t\t\t\t        \t\t\t\tBy <a href=\"http:\/\/republicapazeamor.com.br\/site\/author\/jorge-murtinho\/\" title=\"Posts de Jorge Murtinho\" rel=\"author\">Jorge Murtinho<\/a> | 14 de mar\u00e7o de 2025 \n\t\t\t\t\t\t        \t\t\t<\/div>\n\t\t\t\t\t\t        \t\t<\/div>\n\t\t\t\t\t\t        \t<\/section>\n\t\t\t\t\t\t        <\/li>\n\t\t\t\t\t\t\t\t\t\t\t\t    \t<li>\n\t\t\t\t\t\t        \t<section class='vs-content'>\n\t\t\t\t\t\t        \t\t\t\t\t\t\t\t\t\t\t        <img width=\"800\" height=\"565\" src=\"http:\/\/republicapazeamor.com.br\/site\/wp-content\/uploads\/2025\/03\/BH-no-Engenhao-2025-Foto-por-Paula-Reis.png\" class=\"attachment-full size-full wp-post-image\" alt=\"\" loading=\"lazy\" srcset=\"http:\/\/republicapazeamor.com.br\/site\/wp-content\/uploads\/2025\/03\/BH-no-Engenhao-2025-Foto-por-Paula-Reis.png 800w, http:\/\/republicapazeamor.com.br\/site\/wp-content\/uploads\/2025\/03\/BH-no-Engenhao-2025-Foto-por-Paula-Reis-300x212.png 300w, http:\/\/republicapazeamor.com.br\/site\/wp-content\/uploads\/2025\/03\/BH-no-Engenhao-2025-Foto-por-Paula-Reis-768x542.png 768w\" sizes=\"(max-width: 800px) 100vw, 800px\" \/>\t\t\t\t\t\t\t\t\t    \t\t\t\t\t\t        \t\t<div class='vs-content-entry'>\n\t\t\t\t\t        \t\t\t\t<a href='http:\/\/republicapazeamor.com.br\/site\/o-ultimo-grito-de-gol\/' class='vs-content-title'>\n\t\t\t\t\t        \t\t\t\t\tO \u00faltimo grito de gol\t\t\t\t\t\t        \t\t\t<\/a>\n\t\t\t\t\t\t        \t\t\t<div class='vs-content-intro'>\n\t\t\t\t\t\t        \t\t\t\tBy <a href=\"http:\/\/republicapazeamor.com.br\/site\/author\/marcelo\/\" title=\"Posts de Dunlop\" rel=\"author\">Dunlop<\/a> | 4 de mar\u00e7o de 2025 \n\t\t\t\t\t\t        \t\t\t<\/div>\n\t\t\t\t\t\t        \t\t<\/div>\n\t\t\t\t\t\t        \t<\/section>\n\t\t\t\t\t\t        <\/li>\n\t\t\t\t\t\t\t\t\t\t\t\t    \t<li>\n\t\t\t\t\t\t        \t<section class='vs-content'>\n\t\t\t\t\t\t        \t\t\t\t\t\t\t\t\t\t\t        <img width=\"1200\" height=\"630\" src=\"http:\/\/republicapazeamor.com.br\/site\/wp-content\/uploads\/2025\/02\/Churchill.jpg\" class=\"attachment-full size-full wp-post-image\" alt=\"\" loading=\"lazy\" srcset=\"http:\/\/republicapazeamor.com.br\/site\/wp-content\/uploads\/2025\/02\/Churchill.jpg 1200w, http:\/\/republicapazeamor.com.br\/site\/wp-content\/uploads\/2025\/02\/Churchill-300x158.jpg 300w, http:\/\/republicapazeamor.com.br\/site\/wp-content\/uploads\/2025\/02\/Churchill-1024x538.jpg 1024w, http:\/\/republicapazeamor.com.br\/site\/wp-content\/uploads\/2025\/02\/Churchill-768x403.jpg 768w\" sizes=\"(max-width: 1200px) 100vw, 1200px\" \/>\t\t\t\t\t\t\t\t\t    \t\t\t\t\t\t        \t\t<div class='vs-content-entry'>\n\t\t\t\t\t        \t\t\t\t<a href='http:\/\/republicapazeamor.com.br\/site\/nao-parece-que-foi-ontem\/' class='vs-content-title'>\n\t\t\t\t\t        \t\t\t\t\tN\u00e3o parece que foi ontem\t\t\t\t\t\t        \t\t\t<\/a>\n\t\t\t\t\t\t        \t\t\t<div class='vs-content-intro'>\n\t\t\t\t\t\t        \t\t\t\tBy <a href=\"http:\/\/republicapazeamor.com.br\/site\/author\/jorge-murtinho\/\" title=\"Posts de Jorge Murtinho\" rel=\"author\">Jorge Murtinho<\/a> | 11 de fevereiro de 2025 \n\t\t\t\t\t\t        \t\t\t<\/div>\n\t\t\t\t\t\t        \t\t<\/div>\n\t\t\t\t\t\t        \t<\/section>\n\t\t\t\t\t\t        <\/li>\n\t\t\t\t\t\t\t\t\t\t    <\/ul>\n\t\t\t\t    <div class=\"scrollbar\">\n\t\t\t\t\t    <div class=\"handle\"><\/div>\n\t\t\t\t\t<\/div>\n\t\t\t\t\t<ul class='pages'><\/ul>\n\t\t\t\t<\/div>\n\t\t\t\t\n\t\t\t<\/div>\n\n\n\t\t<\/div>\n\t<\/div>\n<\/div><div class='row latest-news-wrapper alternate-home'>\n\t                <div class='span4 ln-item'>\n\t\t\t\t\t<h3 class='ln-item-heading'>\n\t\t\t\t\t\t<a href='http:\/\/republicapazeamor.com.br\/site\/sera-a-verdadeira-razao-da-demissao-de-filipe-luis\/'>Ser\u00e1? A verdadeira raz\u00e3o da demiss\u00e3o de Filipe Lu\u00eds<\/a>\n\t\t\t\t\t<\/h3>\n\t\t\t\t\t<div class='ln-item-meta'>\n\t\t\t\t\t\tBy <a href=\"http:\/\/republicapazeamor.com.br\/site\/author\/marcelo\/\" title=\"Posts de Dunlop\" rel=\"author\">Dunlop<\/a> | 3 de abril de 2026 \n\t\t\t\t\t<\/div>\n\t\t\t\t\t\t\t\t\t        <div class='ln-item-content'>\n\t\t\t\t            <a href=\"http:\/\/republicapazeamor.com.br\/site\/sera-a-verdadeira-razao-da-demissao-de-filipe-luis\/\">\n\t\t\t\t                <img width=\"1017\" height=\"768\" src=\"http:\/\/republicapazeamor.com.br\/site\/wp-content\/uploads\/2026\/04\/Filipe-Luis-Flamengo-treinador-foto-divulgacao.png\" class=\"attachment-large size-large wp-post-image\" alt=\"\" loading=\"lazy\" srcset=\"http:\/\/republicapazeamor.com.br\/site\/wp-content\/uploads\/2026\/04\/Filipe-Luis-Flamengo-treinador-foto-divulgacao.png 1017w, http:\/\/republicapazeamor.com.br\/site\/wp-content\/uploads\/2026\/04\/Filipe-Luis-Flamengo-treinador-foto-divulgacao-300x227.png 300w, http:\/\/republicapazeamor.com.br\/site\/wp-content\/uploads\/2026\/04\/Filipe-Luis-Flamengo-treinador-foto-divulgacao-768x580.png 768w\" sizes=\"(max-width: 1017px) 100vw, 1017px\" \/>\t\t\t\t            <\/a>\n\t\t\t\t        <\/div>\n\t\t\t\t    \t\t\t\t\t<div class='ln-item-footer-meta'>\n\t\t\t\t\t\t<a href='http:\/\/republicapazeamor.com.br\/site\/sera-a-verdadeira-razao-da-demissao-de-filipe-luis\/'>Comment 1<\/a>\n\t\t\t\t\t\t<a class='like' href='#' data-post=\"11688\">Likes <span>3<\/span><\/a>\n\t\t\t\t\t\t<span class='ln-item-footer-meta-tags'>Tags <\/span>\n\t\t\t\t\t<\/div>\n\t\t\t\t<\/div>\n\n                            <div class='span4 ln-item'>\n\t\t\t\t\t<h3 class='ln-item-heading'>\n\t\t\t\t\t\t<a href='http:\/\/republicapazeamor.com.br\/site\/uma-promessa-para-arrasca\/'>Uma promessa para Arrasca<\/a>\n\t\t\t\t\t<\/h3>\n\t\t\t\t\t<div class='ln-item-meta'>\n\t\t\t\t\t\tBy <a href=\"http:\/\/republicapazeamor.com.br\/site\/author\/marcelo\/\" title=\"Posts de Dunlop\" rel=\"author\">Dunlop<\/a> | 12 de setembro de 2025 \n\t\t\t\t\t<\/div>\n\t\t\t\t\t\t\t\t\t        <div class='ln-item-content'>\n\t\t\t\t            <a href=\"http:\/\/republicapazeamor.com.br\/site\/uma-promessa-para-arrasca\/\">\n\t\t\t\t                <img width=\"798\" height=\"908\" src=\"http:\/\/republicapazeamor.com.br\/site\/wp-content\/uploads\/2025\/09\/Arrasca-confeiteiro.png\" class=\"attachment-large size-large wp-post-image\" alt=\"\" loading=\"lazy\" srcset=\"http:\/\/republicapazeamor.com.br\/site\/wp-content\/uploads\/2025\/09\/Arrasca-confeiteiro.png 798w, http:\/\/republicapazeamor.com.br\/site\/wp-content\/uploads\/2025\/09\/Arrasca-confeiteiro-264x300.png 264w, http:\/\/republicapazeamor.com.br\/site\/wp-content\/uploads\/2025\/09\/Arrasca-confeiteiro-768x874.png 768w\" sizes=\"(max-width: 798px) 100vw, 798px\" \/>\t\t\t\t            <\/a>\n\t\t\t\t        <\/div>\n\t\t\t\t    \t\t\t\t\t<div class='ln-item-footer-meta'>\n\t\t\t\t\t\t<a href='http:\/\/republicapazeamor.com.br\/site\/uma-promessa-para-arrasca\/'>Comment 1<\/a>\n\t\t\t\t\t\t<a class='like' href='#' data-post=\"11677\">Likes <span>11<\/span><\/a>\n\t\t\t\t\t\t<span class='ln-item-footer-meta-tags'>Tags <\/span>\n\t\t\t\t\t<\/div>\n\t\t\t\t<\/div>\n\n                            <div class='span4 ln-item'>\n\t\t\t\t\t<h3 class='ln-item-heading'>\n\t\t\t\t\t\t<a href='http:\/\/republicapazeamor.com.br\/site\/o-presidente-e-o-pinguco\/'>O presidente e o pingu\u00e7o<\/a>\n\t\t\t\t\t<\/h3>\n\t\t\t\t\t<div class='ln-item-meta'>\n\t\t\t\t\t\tBy <a href=\"http:\/\/republicapazeamor.com.br\/site\/author\/marcelo\/\" title=\"Posts de Dunlop\" rel=\"author\">Dunlop<\/a> | 3 de junho de 2025 \n\t\t\t\t\t<\/div>\n\t\t\t\t\t\t\t\t\t        <div class='ln-item-content'>\n\t\t\t\t            <a href=\"http:\/\/republicapazeamor.com.br\/site\/o-presidente-e-o-pinguco\/\">\n\t\t\t\t                <img width=\"1024\" height=\"622\" src=\"http:\/\/republicapazeamor.com.br\/site\/wp-content\/uploads\/2025\/06\/Fla-Sauna.png\" class=\"attachment-large size-large wp-post-image\" alt=\"\" loading=\"lazy\" srcset=\"http:\/\/republicapazeamor.com.br\/site\/wp-content\/uploads\/2025\/06\/Fla-Sauna.png 1024w, http:\/\/republicapazeamor.com.br\/site\/wp-content\/uploads\/2025\/06\/Fla-Sauna-300x182.png 300w, http:\/\/republicapazeamor.com.br\/site\/wp-content\/uploads\/2025\/06\/Fla-Sauna-768x467.png 768w\" sizes=\"(max-width: 1024px) 100vw, 1024px\" \/>\t\t\t\t            <\/a>\n\t\t\t\t        <\/div>\n\t\t\t\t    \t\t\t\t\t<div class='ln-item-footer-meta'>\n\t\t\t\t\t\t<a href='http:\/\/republicapazeamor.com.br\/site\/o-presidente-e-o-pinguco\/'>Comments 2<\/a>\n\t\t\t\t\t\t<a class='like' href='#' data-post=\"11674\">Likes <span>19<\/span><\/a>\n\t\t\t\t\t\t<span class='ln-item-footer-meta-tags'>Tags <\/span>\n\t\t\t\t\t<\/div>\n\t\t\t\t<\/div>\n\n                            <div class='span4 ln-item'>\n\t\t\t\t\t<h3 class='ln-item-heading'>\n\t\t\t\t\t\t<a href='http:\/\/republicapazeamor.com.br\/site\/fiquei-devendo-mestre-carlos\/'>Fiquei devendo, mestre Carlos<\/a>\n\t\t\t\t\t<\/h3>\n\t\t\t\t\t<div class='ln-item-meta'>\n\t\t\t\t\t\tBy <a href=\"http:\/\/republicapazeamor.com.br\/site\/author\/jorge-murtinho\/\" title=\"Posts de Jorge Murtinho\" rel=\"author\">Jorge Murtinho<\/a> | 14 de mar\u00e7o de 2025 \n\t\t\t\t\t<\/div>\n\t\t\t\t\t\t\t\t\t        <div class='ln-item-content'>\n\t\t\t\t            <a href=\"http:\/\/republicapazeamor.com.br\/site\/fiquei-devendo-mestre-carlos\/\">\n\t\t\t\t                <img width=\"1024\" height=\"768\" src=\"http:\/\/republicapazeamor.com.br\/site\/wp-content\/uploads\/2025\/03\/unnamed-1024x768.jpg\" class=\"attachment-large size-large wp-post-image\" alt=\"Carlos Moraes e fam\u00edlia\" loading=\"lazy\" srcset=\"http:\/\/republicapazeamor.com.br\/site\/wp-content\/uploads\/2025\/03\/unnamed-1024x768.jpg 1024w, http:\/\/republicapazeamor.com.br\/site\/wp-content\/uploads\/2025\/03\/unnamed-300x225.jpg 300w, http:\/\/republicapazeamor.com.br\/site\/wp-content\/uploads\/2025\/03\/unnamed-768x576.jpg 768w, http:\/\/republicapazeamor.com.br\/site\/wp-content\/uploads\/2025\/03\/unnamed.jpg 1280w\" sizes=\"(max-width: 1024px) 100vw, 1024px\" \/>\t\t\t\t            <\/a>\n\t\t\t\t        <\/div>\n\t\t\t\t    \t\t\t\t\t<div class='ln-item-footer-meta'>\n\t\t\t\t\t\t<a href='http:\/\/republicapazeamor.com.br\/site\/fiquei-devendo-mestre-carlos\/'>Comments 3<\/a>\n\t\t\t\t\t\t<a class='like' href='#' data-post=\"11667\">Likes <span>15<\/span><\/a>\n\t\t\t\t\t\t<span class='ln-item-footer-meta-tags'>Tags <\/span>\n\t\t\t\t\t<\/div>\n\t\t\t\t<\/div>\n\n                            <div class='span4 ln-item'>\n\t\t\t\t\t<h3 class='ln-item-heading'>\n\t\t\t\t\t\t<a href='http:\/\/republicapazeamor.com.br\/site\/o-ultimo-grito-de-gol\/'>O \u00faltimo grito de gol<\/a>\n\t\t\t\t\t<\/h3>\n\t\t\t\t\t<div class='ln-item-meta'>\n\t\t\t\t\t\tBy <a href=\"http:\/\/republicapazeamor.com.br\/site\/author\/marcelo\/\" title=\"Posts de Dunlop\" rel=\"author\">Dunlop<\/a> | 4 de mar\u00e7o de 2025 \n\t\t\t\t\t<\/div>\n\t\t\t\t\t\t\t\t\t        <div class='ln-item-content'>\n\t\t\t\t            <a href=\"http:\/\/republicapazeamor.com.br\/site\/o-ultimo-grito-de-gol\/\">\n\t\t\t\t                <img width=\"800\" height=\"565\" src=\"http:\/\/republicapazeamor.com.br\/site\/wp-content\/uploads\/2025\/03\/BH-no-Engenhao-2025-Foto-por-Paula-Reis.png\" class=\"attachment-large size-large wp-post-image\" alt=\"\" loading=\"lazy\" srcset=\"http:\/\/republicapazeamor.com.br\/site\/wp-content\/uploads\/2025\/03\/BH-no-Engenhao-2025-Foto-por-Paula-Reis.png 800w, http:\/\/republicapazeamor.com.br\/site\/wp-content\/uploads\/2025\/03\/BH-no-Engenhao-2025-Foto-por-Paula-Reis-300x212.png 300w, http:\/\/republicapazeamor.com.br\/site\/wp-content\/uploads\/2025\/03\/BH-no-Engenhao-2025-Foto-por-Paula-Reis-768x542.png 768w\" sizes=\"(max-width: 800px) 100vw, 800px\" \/>\t\t\t\t            <\/a>\n\t\t\t\t        <\/div>\n\t\t\t\t    \t\t\t\t\t<div class='ln-item-footer-meta'>\n\t\t\t\t\t\t<a href='http:\/\/republicapazeamor.com.br\/site\/o-ultimo-grito-de-gol\/'>Comments 2<\/a>\n\t\t\t\t\t\t<a class='like' href='#' data-post=\"11659\">Likes <span>19<\/span><\/a>\n\t\t\t\t\t\t<span class='ln-item-footer-meta-tags'>Tags <\/span>\n\t\t\t\t\t<\/div>\n\t\t\t\t<\/div>\n\n                            <div class='span4 ln-item'>\n\t\t\t\t\t<h3 class='ln-item-heading'>\n\t\t\t\t\t\t<a href='http:\/\/republicapazeamor.com.br\/site\/nao-parece-que-foi-ontem\/'>N\u00e3o parece que foi ontem<\/a>\n\t\t\t\t\t<\/h3>\n\t\t\t\t\t<div class='ln-item-meta'>\n\t\t\t\t\t\tBy <a href=\"http:\/\/republicapazeamor.com.br\/site\/author\/jorge-murtinho\/\" title=\"Posts de Jorge Murtinho\" rel=\"author\">Jorge Murtinho<\/a> | 11 de fevereiro de 2025 \n\t\t\t\t\t<\/div>\n\t\t\t\t\t\t\t\t\t        <div class='ln-item-content'>\n\t\t\t\t            <a href=\"http:\/\/republicapazeamor.com.br\/site\/nao-parece-que-foi-ontem\/\">\n\t\t\t\t                <img width=\"1024\" height=\"538\" src=\"http:\/\/republicapazeamor.com.br\/site\/wp-content\/uploads\/2025\/02\/Churchill-1024x538.jpg\" class=\"attachment-large size-large wp-post-image\" alt=\"\" loading=\"lazy\" srcset=\"http:\/\/republicapazeamor.com.br\/site\/wp-content\/uploads\/2025\/02\/Churchill-1024x538.jpg 1024w, http:\/\/republicapazeamor.com.br\/site\/wp-content\/uploads\/2025\/02\/Churchill-300x158.jpg 300w, http:\/\/republicapazeamor.com.br\/site\/wp-content\/uploads\/2025\/02\/Churchill-768x403.jpg 768w, http:\/\/republicapazeamor.com.br\/site\/wp-content\/uploads\/2025\/02\/Churchill.jpg 1200w\" sizes=\"(max-width: 1024px) 100vw, 1024px\" \/>\t\t\t\t            <\/a>\n\t\t\t\t        <\/div>\n\t\t\t\t    \t\t\t\t\t<div class='ln-item-footer-meta'>\n\t\t\t\t\t\t<a href='http:\/\/republicapazeamor.com.br\/site\/nao-parece-que-foi-ontem\/'>No Comments<\/a>\n\t\t\t\t\t\t<a class='like' href='#' data-post=\"11645\">Likes <span>19<\/span><\/a>\n\t\t\t\t\t\t<span class='ln-item-footer-meta-tags'>Tags <\/span>\n\t\t\t\t\t<\/div>\n\t\t\t\t<\/div>\n\n             \n<\/div>\n<!-- AddThis Advanced Settings generic via filter on the_content --><!-- AddThis Share Buttons generic via filter on the_content -->","protected":false},"excerpt":{"rendered":"Estamos em 2025 depois de Cristo, no 130\u00ba ano da hist\u00f3ria do Flamengo. Todas as ta\u00e7as e gl\u00f3rias terrenas foram conquistadas pelo clube. Todas? N\u00e3o! Uma pequena e teimosa parcela da m\u00eddia, povoada por irredut\u00edveis comentaristas, resiste ainda numa seara espec\u00edfica. Para essa aldeia de teimosos invocados, o Flamengo pode ser o time vencedor que ... <a class=\"read-more-link\" href=\"http:\/\/republicapazeamor.com.br\/site\/chora-cavaco-noel-rosa-tambem-era-flamengo\/\">Read More <i class=\"ico-946\"><\/i><\/a>","protected":false},"author":1,"featured_media":0,"parent":0,"menu_order":0,"comment_status":"closed","ping_status":"closed","template":"template-home.php","meta":[],"_links":{"self":[{"href":"http:\/\/republicapazeamor.com.br\/site\/wp-json\/wp\/v2\/pages\/150"}],"collection":[{"href":"http:\/\/republicapazeamor.com.br\/site\/wp-json\/wp\/v2\/pages"}],"about":[{"href":"http:\/\/republicapazeamor.com.br\/site\/wp-json\/wp\/v2\/types\/page"}],"author":[{"embeddable":true,"href":"http:\/\/republicapazeamor.com.br\/site\/wp-json\/wp\/v2\/users\/1"}],"replies":[{"embeddable":true,"href":"http:\/\/republicapazeamor.com.br\/site\/wp-json\/wp\/v2\/comments?post=150"}],"version-history":[{"count":19,"href":"http:\/\/republicapazeamor.com.br\/site\/wp-json\/wp\/v2\/pages\/150\/revisions"}],"predecessor-version":[{"id":391,"href":"http:\/\/republicapazeamor.com.br\/site\/wp-json\/wp\/v2\/pages\/150\/revisions\/391"}],"wp:attachment":[{"href":"http:\/\/republicapazeamor.com.br\/site\/wp-json\/wp\/v2\/media?parent=150"}],"curies":[{"name":"wp","href":"https:\/\/api.w.org\/{rel}","templated":true}]}}